{"id":67,"date":"2022-10-03T15:25:24","date_gmt":"2022-10-03T15:25:24","guid":{"rendered":"http:\/\/lamaisondebeaume.com\/lamaisonklrbdd\/about-us-ii\/"},"modified":"2023-02-28T11:57:50","modified_gmt":"2023-02-28T10:57:50","slug":"la-maison","status":"publish","type":"page","link":"https:\/\/lamaisondebeaume.com\/lamaisonklrbdd\/la-maison\/","title":{"rendered":"La Maison"},"content":{"rendered":"<p>[vc_row fixed_width=\u00a0\u00bbtrue\u00a0\u00bb css=\u00a0\u00bb.vc_custom_1627562291998{margin-top: 0px !important;margin-bottom: 0px !important;border-top-width: 0px !important;border-bottom-width: 0px !important;padding-top: 10px !important;padding-bottom: 0px !important;}\u00a0\u00bb][vc_column css=\u00a0\u00bb.vc_custom_1627562322556{margin-top: 0px !important;margin-bottom: 0px !important;border-top-width: 0px !important;border-bottom-width: 0px !important;padding-top: 0px !important;padding-bottom: 0px !important;}\u00a0\u00bb][vc_empty_space]<section class=\"sohohotel-image-text-wrapper sohohotel-clearfix sohohotel-image-text-wrapper-right-align\"><div class=\"sohohotel-it-image-wrapper\" style=\"background-image:url(https:\/\/lamaisondebeaume.com\/lamaisonklrbdd\/wp-content\/uploads\/2022\/10\/13A8240-HDR-1920x1100.jpg);\"><img decoding=\"async\" src=\"https:\/\/lamaisondebeaume.com\/lamaisonklrbdd\/wp-content\/uploads\/2022\/10\/13A8240-HDR-1920x1100.jpg\" alt=\"\" \/><\/div><div class=\"sohohotel-it-text-wrapper\" style=\"background: ;\"><h3 class=\"sohohotel-title-28px sohohotel-clearfix sohohotel-title-left\" style=\"color: ;\">Notre Maison<\/h3><p style=\"color: ;\">La maison est un havre de paix et de bonne humeur, venez vous y reposer et vous retrouver seul, en couple, en famille ou entre amis! Situ\u00e9e sur un joli terrain de 3000 m\u00b2, la Maison de Beaume est un ancien corps de ferme construit avant 1840. Il entre dans la famille en 1975.<br \/>\nLe petit village de Beaume est tr\u00e8s fleuri , il a beaucoup de charme avec toutes ses maisons en pierre. Beaume a eu jusqu\u2019\u00e0 7 moulins sur sa commune, au d\u00e9tour de ruelles, nous pouvons encore les imaginer \u00e0 certains endroits.<\/p><a target=\"_blank\" href=\"\" class=\"sohohotel-button1\" ><\/a><div class=\"gallery\"><div class=\"gallery-item\"><div class=\"gallery-icon\"><a href=\"\" data-gal=\"prettyPhoto[gallery-88]\"><img decoding=\"async\" src=\"\" alt=\"\"><\/a><\/div><\/div><br style=\"clear: both;\"><\/div><\/div><\/section>[vc_separator border_width=\u00a0\u00bb2&Prime;]<section class=\"sohohotel-image-text-wrapper sohohotel-clearfix sohohotel-image-text-wrapper-left-align\"><div class=\"sohohotel-it-image-wrapper\" style=\"background-image:url(https:\/\/lamaisondebeaume.com\/lamaisonklrbdd\/wp-content\/uploads\/2022\/12\/DE9A9516-0EDD-48C4-A5FA-34903F333F04-1920x1100.jpeg);\"><img decoding=\"async\" src=\"https:\/\/lamaisondebeaume.com\/lamaisonklrbdd\/wp-content\/uploads\/2022\/12\/DE9A9516-0EDD-48C4-A5FA-34903F333F04-1920x1100.jpeg\" alt=\"\" \/><\/div><div class=\"sohohotel-it-text-wrapper\" style=\"background: ;\"><h3 class=\"sohohotel-title-28px sohohotel-clearfix sohohotel-title-left\" style=\"color: ;\">Beaume, commune de Bourgogne<\/h3><p style=\"color: ;\">Situ\u00e9 au centre de la bourgogne, \u00e0 \u00e9quidistance de Dijon et de Beaune, \u00ab\u00a0Beaume\u00a0\u00bb ou \u00ab\u00a0Baume\u00a0\u00bb est id\u00e9alement situ\u00e9, non loin des axes routiers sans en avoir les inconv\u00e9niants.<br \/>\nA proximit\u00e9 du canal de Bourgogne et de sa v\u00e9lo-route, proche de la route des grands crus,  de nombreuse ballades sont possibles pour toutes vos envies.<\/p><a href=\"\" class=\"sohohotel-button1\" ><\/a><div class=\"gallery\"><div class=\"gallery-item\"><div class=\"gallery-icon\"><a href=\"\" data-gal=\"prettyPhoto[gallery-31]\"><img decoding=\"async\" src=\"\" alt=\"\"><\/a><\/div><\/div><br style=\"clear: both;\"><\/div><\/div><\/section>[vc_separator border_width=\u00a0\u00bb2&Prime;]<h3 class=\"sohohotel-title-35px sohohotel-clearfix sohohotel-title-center\">Les services<\/h3><section class=\"sohohotel-image-text-wrapper sohohotel-clearfix sohohotel-image-text-wrapper-right-align\"><div class=\"sohohotel-it-image-wrapper\" style=\"background-image:url(https:\/\/lamaisondebeaume.com\/lamaisonklrbdd\/wp-content\/uploads\/2022\/10\/13A8190-HDR-1920x1100.jpg);\"><img decoding=\"async\" src=\"https:\/\/lamaisondebeaume.com\/lamaisonklrbdd\/wp-content\/uploads\/2022\/10\/13A8190-HDR-1920x1100.jpg\" alt=\"\" \/><\/div><div class=\"sohohotel-it-text-wrapper\" style=\"background: ;\"><h3 class=\"sohohotel-title-28px sohohotel-clearfix sohohotel-title-left\" style=\"color: ;\">L'ext\u00e9rieur<\/h3><p style=\"color: ;\">La propri\u00e9t\u00e9 dispose en ext\u00e9rieur de :<br \/>\n&#8211; Un jaccuzzi<br \/>\n&#8211; Un acc\u00e8s au ruisseau La Vandenesse<br \/>\n&#8211; Un terrain de p\u00e9tanque communal en limite de propri\u00e9t\u00e9<br \/>\n&#8211; Un jardin avec de nombreux transats, des tables et un salon de jardin.<\/p><a href=\"\" class=\"sohohotel-button1\" ><\/a><div class=\"gallery\"><div class=\"gallery-item\"><div class=\"gallery-icon\"><a href=\"\" data-gal=\"prettyPhoto[gallery-82]\"><img decoding=\"async\" src=\"\" alt=\"\"><\/a><\/div><\/div><br style=\"clear: both;\"><\/div><\/div><\/section><section class=\"sohohotel-image-text-wrapper sohohotel-clearfix sohohotel-image-text-wrapper-left-align\"><div class=\"sohohotel-it-image-wrapper\" style=\"background-image:url(https:\/\/lamaisondebeaume.com\/lamaisonklrbdd\/wp-content\/uploads\/2022\/10\/13A8398-HDR-1920x1100.jpg);\"><img decoding=\"async\" src=\"https:\/\/lamaisondebeaume.com\/lamaisonklrbdd\/wp-content\/uploads\/2022\/10\/13A8398-HDR-1920x1100.jpg\" alt=\"\" \/><\/div><div class=\"sohohotel-it-text-wrapper\" style=\"background: ;\"><h3 class=\"sohohotel-title-28px sohohotel-clearfix sohohotel-title-left\" style=\"color: ;\">L'int\u00e9rieur<\/h3><p style=\"color: ;\">La maison, elle, dispose :<br \/>\n&#8211; Salon avec chemin\u00e9e<br \/>\n&#8211; Biblioth\u00e8que et salon t\u00e9l\u00e9vision avec de nombreux dvd \u00e0 votre disposition.<br \/>\n&#8211; Ludoth\u00e8que<br \/>\nQue vous veniez pour vous reposer ou faire du sport, tout est \u00e0 votre disposition pour passer un bon s\u00e9jour dans la Maison de Beaume.<\/p><a href=\"\" class=\"sohohotel-button1\" ><\/a><div class=\"gallery\"><div class=\"gallery-item\"><div class=\"gallery-icon\"><a href=\"\" data-gal=\"prettyPhoto[gallery-41]\"><img decoding=\"async\" src=\"\" alt=\"\"><\/a><\/div><\/div><br style=\"clear: both;\"><\/div><\/div><\/section>[vc_separator border_width=\u00a0\u00bb2&Prime;][vc_separator][\/vc_column][\/vc_row]<\/p>\n","protected":false},"excerpt":{"rendered":"<p>[vc_row fixed_width=\u00a0\u00bbtrue\u00a0\u00bb css=\u00a0\u00bb.vc_custom_1627562291998{margin-top: 0px !important;margin-bottom: 0px !important;border-top-width: 0px !important;border-bottom-width: 0px !important;padding-top: 10px !important;padding-bottom: 0px !important;}\u00a0\u00bb][vc_column css=\u00a0\u00bb.vc_custom_1627562322556{margin-top: 0px !important;margin-bottom: 0px !important;border-top-width: 0px !important;border-bottom-width: 0px !important;padding-top: 0px !important;padding-bottom: 0px !important;}\u00a0\u00bb][vc_empty_space][vc_separator border_width=\u00a0\u00bb2&Prime;][vc_separator border_width=\u00a0\u00bb2&Prime;][vc_separator border_width=\u00a0\u00bb2&Prime;][vc_separator][\/vc_column][\/vc_row]<\/p>\n<a href=\"https:\/\/lamaisondebeaume.com\/lamaisonklrbdd\/la-maison\/\" class=\"sohohotel-more-link\">Read More<\/a>","protected":false},"author":1,"featured_media":0,"parent":0,"menu_order":0,"comment_status":"closed","ping_status":"closed","template":"","meta":{"footnotes":""},"class_list":["post-67","page","type-page","status-publish","hentry"],"_links":{"self":[{"href":"https:\/\/lamaisondebeaume.com\/lamaisonklrbdd\/wp-json\/wp\/v2\/pages\/67","targetHints":{"allow":["GET"]}}],"collection":[{"href":"https:\/\/lamaisondebeaume.com\/lamaisonklrbdd\/wp-json\/wp\/v2\/pages"}],"about":[{"href":"https:\/\/lamaisondebeaume.com\/lamaisonklrbdd\/wp-json\/wp\/v2\/types\/page"}],"author":[{"embeddable":true,"href":"https:\/\/lamaisondebeaume.com\/lamaisonklrbdd\/wp-json\/wp\/v2\/users\/1"}],"replies":[{"embeddable":true,"href":"https:\/\/lamaisondebeaume.com\/lamaisonklrbdd\/wp-json\/wp\/v2\/comments?post=67"}],"version-history":[{"count":27,"href":"https:\/\/lamaisondebeaume.com\/lamaisonklrbdd\/wp-json\/wp\/v2\/pages\/67\/revisions"}],"predecessor-version":[{"id":753,"href":"https:\/\/lamaisondebeaume.com\/lamaisonklrbdd\/wp-json\/wp\/v2\/pages\/67\/revisions\/753"}],"wp:attachment":[{"href":"https:\/\/lamaisondebeaume.com\/lamaisonklrbdd\/wp-json\/wp\/v2\/media?parent=67"}],"curies":[{"name":"wp","href":"https:\/\/api.w.org\/{rel}","templated":true}]}}